{"id":1541,"date":"2025-07-07T14:41:40","date_gmt":"2025-07-07T12:41:40","guid":{"rendered":"https:\/\/bernardstein.pl\/?post_type=product&#038;p=1541"},"modified":"2025-07-07T17:22:19","modified_gmt":"2025-07-07T15:22:19","slug":"kolczyki-pozlacane-z-bursztynem-kopia","status":"publish","type":"product","link":"https:\/\/bernardstein.pl\/de\/produkt\/kolczyki-pozlacane-z-bursztynem-kopia\/","title":{"rendered":"Kolczyki poz\u0142acane z bursztynem (Kopia)"},"content":{"rendered":"<p>Podkre\u015bl sw\u00f3j styl z wyj\u0105tkowymi, srebrnymi kolczykami pr\u00f3by 925, poz\u0142acanymi \u017c\u00f3\u0142tym z\u0142otem. Delikatna, zwisaj\u0105ca forma nadaje im lekko\u015bci a koniakowy bursztyn emanuje ponadczasow\u0105 elegancj\u0105.<\/p>\n<p><span data-sheets-root=\"1\">Zdj\u0119cie produktu jest zdj\u0119ciem pogl\u0105dowym. Ze wzgl\u0119d\u00f3w technicznych (ustawienia ekranu) oraz naturalny charakter bursztynu, mo\u017ce ono odbiega\u0107 od rzeczywistego wygl\u0105du produktu.\u00a0<\/span><\/p>\n","protected":false},"excerpt":{"rendered":"<p>Podkre\u015bl sw\u00f3j styl z wyj\u0105tkowymi, srebrnymi kolczykami pr\u00f3by 925, poz\u0142acanymi \u017c\u00f3\u0142tym z\u0142otem. Delikatna, zwisaj\u0105ca forma nadaje im lekko\u015bci a koniakowy bursztyn emanuje ponadczasow\u0105 elegancj\u0105. Zdj\u0119cie produktu jest zdj\u0119ciem pogl\u0105dowym. Ze wzgl\u0119d\u00f3w technicznych (ustawienia ekranu) oraz naturalny charakter bursztynu, mo\u017ce ono odbiega\u0107 od rzeczywistego wygl\u0105du produktu.\u00a0<\/p>\n","protected":false},"featured_media":1489,"comment_status":"open","ping_status":"closed","template":"","meta":[],"product_cat":[75,263],"product_tag":[],"acf":[],"_links":{"self":[{"href":"https:\/\/bernardstein.pl\/de\/wp-json\/wp\/v2\/product\/1541\/"}],"collection":[{"href":"https:\/\/bernardstein.pl\/de\/wp-json\/wp\/v2\/product\/"}],"about":[{"href":"https:\/\/bernardstein.pl\/de\/wp-json\/wp\/v2\/types\/product\/"}],"replies":[{"embeddable":true,"href":"https:\/\/bernardstein.pl\/de\/wp-json\/wp\/v2\/comments\/?post=1541"}],"wp:featuredmedia":[{"embeddable":true,"href":"https:\/\/bernardstein.pl\/de\/wp-json\/wp\/v2\/media\/1489\/"}],"wp:attachment":[{"href":"https:\/\/bernardstein.pl\/de\/wp-json\/wp\/v2\/media\/?parent=1541"}],"wp:term":[{"taxonomy":"product_cat","embeddable":true,"href":"https:\/\/bernardstein.pl\/de\/wp-json\/wp\/v2\/product_cat\/?post=1541"},{"taxonomy":"product_tag","embeddable":true,"href":"https:\/\/bernardstein.pl\/de\/wp-json\/wp\/v2\/product_tag\/?post=1541"}],"curies":[{"name":"wp","href":"https:\/\/api.w.org\/{rel}","templated":true}]}}